{"id":160,"date":"2019-03-11T11:06:51","date_gmt":"2019-03-11T11:06:51","guid":{"rendered":"https:\/\/www.frauenarztpraxis-junker-stein.de\/impressum"},"modified":"2019-06-14T11:56:44","modified_gmt":"2019-06-14T11:56:44","slug":"imprint","status":"publish","type":"page","link":"https:\/\/www.frauenarztpraxis-junker-stein.de\/en\/imprint","title":{"rendered":"Imprint"},"content":{"rendered":"<div id=\"cs-content\" class=\"cs-content\"><\/div>\n","protected":false},"excerpt":{"rendered":"<p>Site Notice Information pursuant to \u00a7 5 TMG Annette Junker-Stein Frauenarztprivatpraxis Hauptstra\u00dfe 19 61462 K\u00f6nigstein\/Ts. Contact Phone: 06174-1320 E-mail: praxis@frauenarztpraxis-junker-stein.de Job title and professional regulations Job title: Gyn\u00e4kologin Competent chamber: Landes\u00e4rztekammer Hessen Authorisation granted by: Deutschland The following professional regulations apply: Landes\u00e4rztekammer Hessen Regulations available at: http:\/\/www.laekh.de Information regarding professional liability insurance Name and registered office of the insurer: HDI &#8230; <\/p>\n<div><a href=\"https:\/\/www.frauenarztpraxis-junker-stein.de\/en\/imprint\" class=\"more-link\">Read More<\/a><\/div>\n","protected":false},"author":1,"featured_media":0,"parent":0,"menu_order":0,"comment_status":"closed","ping_status":"closed","template":"","meta":{"footnotes":""},"yoast_head":"<!-- This site is optimized with the Yoast SEO plugin v23.5 - https:\/\/yoast.com\/wordpress\/plugins\/seo\/ -->\n<title>Imprint - Frauenarztpraxis Dr. med. Annette Junker-Stein<\/title>\n<meta name=\"description\" content=\"Impressum - alle Informationen zu mir und meiner Praxis\" \/>\n<meta name=\"robots\" content=\"index, follow, max-snippet:-1, max-image-preview:large, max-video-preview:-1\" \/>\n<link rel=\"canonical\" href=\"https:\/\/www.frauenarztpraxis-junker-stein.de\/en\/imprint\" \/>\n<meta property=\"og:locale\" content=\"en_US\" \/>\n<meta property=\"og:type\" content=\"article\" \/>\n<meta property=\"og:title\" content=\"Imprint - Frauenarztpraxis Dr. med. Annette Junker-Stein\" \/>\n<meta property=\"og:description\" content=\"Impressum - alle Informationen zu mir und meiner Praxis\" \/>\n<meta property=\"og:url\" content=\"https:\/\/www.frauenarztpraxis-junker-stein.de\/en\/imprint\" \/>\n<meta property=\"og:site_name\" content=\"Frauenarztpraxis Dr. med. Annette Junker-Stein\" \/>\n<meta property=\"article:modified_time\" content=\"2019-06-14T11:56:44+00:00\" \/>\n<meta name=\"twitter:card\" content=\"summary_large_image\" \/>\n<script type=\"application\/ld+json\" class=\"yoast-schema-graph\">{\"@context\":\"https:\/\/schema.org\",\"@graph\":[{\"@type\":\"WebPage\",\"@id\":\"https:\/\/www.frauenarztpraxis-junker-stein.de\/en\/imprint\",\"url\":\"https:\/\/www.frauenarztpraxis-junker-stein.de\/en\/imprint\",\"name\":\"Imprint - Frauenarztpraxis Dr. med. Annette Junker-Stein\",\"isPartOf\":{\"@id\":\"https:\/\/www.frauenarztpraxis-junker-stein.de\/#website\"},\"datePublished\":\"2019-03-11T11:06:51+00:00\",\"dateModified\":\"2019-06-14T11:56:44+00:00\",\"description\":\"Impressum - alle Informationen zu mir und meiner Praxis\",\"breadcrumb\":{\"@id\":\"https:\/\/www.frauenarztpraxis-junker-stein.de\/en\/imprint#breadcrumb\"},\"inLanguage\":\"en-US\",\"potentialAction\":[{\"@type\":\"ReadAction\",\"target\":[\"https:\/\/www.frauenarztpraxis-junker-stein.de\/en\/imprint\"]}]},{\"@type\":\"BreadcrumbList\",\"@id\":\"https:\/\/www.frauenarztpraxis-junker-stein.de\/en\/imprint#breadcrumb\",\"itemListElement\":[{\"@type\":\"ListItem\",\"position\":1,\"name\":\"Startseite\",\"item\":\"https:\/\/www.frauenarztpraxis-junker-stein.de\/en\"},{\"@type\":\"ListItem\",\"position\":2,\"name\":\"Imprint\"}]},{\"@type\":\"WebSite\",\"@id\":\"https:\/\/www.frauenarztpraxis-junker-stein.de\/#website\",\"url\":\"https:\/\/www.frauenarztpraxis-junker-stein.de\/\",\"name\":\"Frauenarztpraxis Dr. med. Annette Junker-Stein\",\"description\":\"Privatpraxis Frauen\u00e4rztin Dr. med. Annette Junker-Stein, K\u00f6nigstein im Taunus\",\"publisher\":{\"@id\":\"https:\/\/www.frauenarztpraxis-junker-stein.de\/#organization\"},\"potentialAction\":[{\"@type\":\"SearchAction\",\"target\":{\"@type\":\"EntryPoint\",\"urlTemplate\":\"https:\/\/www.frauenarztpraxis-junker-stein.de\/?s={search_term_string}\"},\"query-input\":{\"@type\":\"PropertyValueSpecification\",\"valueRequired\":true,\"valueName\":\"search_term_string\"}}],\"inLanguage\":\"en-US\"},{\"@type\":\"Organization\",\"@id\":\"https:\/\/www.frauenarztpraxis-junker-stein.de\/#organization\",\"name\":\"Frauenarztpraxis Dr. med. Annette Junker-Stein, K\u00f6nigstein\",\"url\":\"https:\/\/www.frauenarztpraxis-junker-stein.de\/\",\"logo\":{\"@type\":\"ImageObject\",\"inLanguage\":\"en-US\",\"@id\":\"https:\/\/www.frauenarztpraxis-junker-stein.de\/#\/schema\/logo\/image\/\",\"url\":\"https:\/\/www.frauenarztpraxis-junker-stein.de\/wp-content\/uploads\/2019\/03\/vogel-110.png\",\"contentUrl\":\"https:\/\/www.frauenarztpraxis-junker-stein.de\/wp-content\/uploads\/2019\/03\/vogel-110.png\",\"width\":112,\"height\":110,\"caption\":\"Frauenarztpraxis Dr. med. Annette Junker-Stein, K\u00f6nigstein\"},\"image\":{\"@id\":\"https:\/\/www.frauenarztpraxis-junker-stein.de\/#\/schema\/logo\/image\/\"}}]}<\/script>\n<!-- \/ Yoast SEO plugin. -->","yoast_head_json":{"title":"Imprint - Frauenarztpraxis Dr. med. Annette Junker-Stein","description":"Impressum - alle Informationen zu mir und meiner Praxis","robots":{"index":"index","follow":"follow","max-snippet":"max-snippet:-1","max-image-preview":"max-image-preview:large","max-video-preview":"max-video-preview:-1"},"canonical":"https:\/\/www.frauenarztpraxis-junker-stein.de\/en\/imprint","og_locale":"en_US","og_type":"article","og_title":"Imprint - Frauenarztpraxis Dr. med. Annette Junker-Stein","og_description":"Impressum - alle Informationen zu mir und meiner Praxis","og_url":"https:\/\/www.frauenarztpraxis-junker-stein.de\/en\/imprint","og_site_name":"Frauenarztpraxis Dr. med. Annette Junker-Stein","article_modified_time":"2019-06-14T11:56:44+00:00","twitter_card":"summary_large_image","schema":{"@context":"https:\/\/schema.org","@graph":[{"@type":"WebPage","@id":"https:\/\/www.frauenarztpraxis-junker-stein.de\/en\/imprint","url":"https:\/\/www.frauenarztpraxis-junker-stein.de\/en\/imprint","name":"Imprint - Frauenarztpraxis Dr. med. Annette Junker-Stein","isPartOf":{"@id":"https:\/\/www.frauenarztpraxis-junker-stein.de\/#website"},"datePublished":"2019-03-11T11:06:51+00:00","dateModified":"2019-06-14T11:56:44+00:00","description":"Impressum - alle Informationen zu mir und meiner Praxis","breadcrumb":{"@id":"https:\/\/www.frauenarztpraxis-junker-stein.de\/en\/imprint#breadcrumb"},"inLanguage":"en-US","potentialAction":[{"@type":"ReadAction","target":["https:\/\/www.frauenarztpraxis-junker-stein.de\/en\/imprint"]}]},{"@type":"BreadcrumbList","@id":"https:\/\/www.frauenarztpraxis-junker-stein.de\/en\/imprint#breadcrumb","itemListElement":[{"@type":"ListItem","position":1,"name":"Startseite","item":"https:\/\/www.frauenarztpraxis-junker-stein.de\/en"},{"@type":"ListItem","position":2,"name":"Imprint"}]},{"@type":"WebSite","@id":"https:\/\/www.frauenarztpraxis-junker-stein.de\/#website","url":"https:\/\/www.frauenarztpraxis-junker-stein.de\/","name":"Frauenarztpraxis Dr. med. Annette Junker-Stein","description":"Privatpraxis Frauen\u00e4rztin Dr. med. Annette Junker-Stein, K\u00f6nigstein im Taunus","publisher":{"@id":"https:\/\/www.frauenarztpraxis-junker-stein.de\/#organization"},"potentialAction":[{"@type":"SearchAction","target":{"@type":"EntryPoint","urlTemplate":"https:\/\/www.frauenarztpraxis-junker-stein.de\/?s={search_term_string}"},"query-input":{"@type":"PropertyValueSpecification","valueRequired":true,"valueName":"search_term_string"}}],"inLanguage":"en-US"},{"@type":"Organization","@id":"https:\/\/www.frauenarztpraxis-junker-stein.de\/#organization","name":"Frauenarztpraxis Dr. med. Annette Junker-Stein, K\u00f6nigstein","url":"https:\/\/www.frauenarztpraxis-junker-stein.de\/","logo":{"@type":"ImageObject","inLanguage":"en-US","@id":"https:\/\/www.frauenarztpraxis-junker-stein.de\/#\/schema\/logo\/image\/","url":"https:\/\/www.frauenarztpraxis-junker-stein.de\/wp-content\/uploads\/2019\/03\/vogel-110.png","contentUrl":"https:\/\/www.frauenarztpraxis-junker-stein.de\/wp-content\/uploads\/2019\/03\/vogel-110.png","width":112,"height":110,"caption":"Frauenarztpraxis Dr. med. Annette Junker-Stein, K\u00f6nigstein"},"image":{"@id":"https:\/\/www.frauenarztpraxis-junker-stein.de\/#\/schema\/logo\/image\/"}}]}},"_links":{"self":[{"href":"https:\/\/www.frauenarztpraxis-junker-stein.de\/en\/wp-json\/wp\/v2\/pages\/160"}],"collection":[{"href":"https:\/\/www.frauenarztpraxis-junker-stein.de\/en\/wp-json\/wp\/v2\/pages"}],"about":[{"href":"https:\/\/www.frauenarztpraxis-junker-stein.de\/en\/wp-json\/wp\/v2\/types\/page"}],"author":[{"embeddable":true,"href":"https:\/\/www.frauenarztpraxis-junker-stein.de\/en\/wp-json\/wp\/v2\/users\/1"}],"replies":[{"embeddable":true,"href":"https:\/\/www.frauenarztpraxis-junker-stein.de\/en\/wp-json\/wp\/v2\/comments?post=160"}],"version-history":[{"count":1,"href":"https:\/\/www.frauenarztpraxis-junker-stein.de\/en\/wp-json\/wp\/v2\/pages\/160\/revisions"}],"predecessor-version":[{"id":180,"href":"https:\/\/www.frauenarztpraxis-junker-stein.de\/en\/wp-json\/wp\/v2\/pages\/160\/revisions\/180"}],"wp:attachment":[{"href":"https:\/\/www.frauenarztpraxis-junker-stein.de\/en\/wp-json\/wp\/v2\/media?parent=160"}],"curies":[{"name":"wp","href":"https:\/\/api.w.org\/{rel}","templated":true}]}}